{"id":3794,"date":"2021-05-25T20:45:43","date_gmt":"2021-05-25T23:45:43","guid":{"rendered":"http:\/\/pratocheio.org.br\/novosite\/?page_id=3794"},"modified":"2026-03-31T13:28:25","modified_gmt":"2026-03-31T16:28:25","slug":"o-que-fazemos","status":"publish","type":"page","link":"https:\/\/pratocheio.org.br\/en\/o-que-fazemos\/","title":{"rendered":"What we do \u2013 Prato Cheio"},"content":{"rendered":"<div id=\"wp-block-themeisle-blocks-advanced-columns-97aea2d5\" class=\"wp-block-themeisle-blocks-advanced-columns alignfull has-1-columns has-desktop-equal-layout has-tablet-equal-layout has-mobile-equal-layout has-vertical-unset\"><div class=\"wp-block-themeisle-blocks-advanced-columns-overlay\"><\/div><div class=\"innerblocks-wrap\">\n<div id=\"wp-block-themeisle-blocks-advanced-column-616194b0\" class=\"wp-block-themeisle-blocks-advanced-column animated slideInUp\">\n<h2 class=\"wp-block-heading has-nv-site-bg-color has-text-color\">OUR PROJECTS<\/h2>\n\n\n\n<p class=\"has-nv-site-bg-color has-text-color\">The projects developed by Prato Cheio are interconnected and can be<br>organized into 3 axes of action:<\/p>\n<\/div>\n<\/div><\/div>\n\n\n\n<div id=\"wp-block-themeisle-blocks-advanced-columns-19ab7fe3\" class=\"wp-block-themeisle-blocks-advanced-columns alignfull has-1-columns has-desktop-equal-layout has-tablet-equal-layout has-mobile-equal-layout has-vertical-unset\"><div class=\"wp-block-themeisle-blocks-advanced-columns-overlay\"><\/div><div class=\"innerblocks-wrap\">\n<div id=\"wp-block-themeisle-blocks-advanced-column-2e2a2146\" class=\"wp-block-themeisle-blocks-advanced-column has-light-bg\">\n<div class=\"wp-block-group\"><div class=\"wp-block-group__inner-container is-layout-flow wp-block-group-is-layout-flow\">\n<h2 class=\"wp-block-heading has-text-align-center\">Axis 1 \u2013 Urban Harvest<\/h2>\n\n\n\n<div class=\"wp-block-columns is-layout-flex wp-container-core-columns-is-layout-1 wp-block-columns-is-layout-flex\">\n<div class=\"wp-block-column is-layout-flow wp-block-column-is-layout-flow\" style=\"flex-basis:40%\"><div class=\"wp-block-image\">\n<figure class=\"aligncenter size-large\"><a href=\"#rota-solidaria\"><img decoding=\"async\" src=\"https:\/\/pratocheio.org.br\/wp-content\/uploads\/2021\/07\/1-2-167x300.png\" alt=\"\"\/><\/a><\/figure><\/div><\/div>\n\n\n\n<div class=\"wp-block-column is-vertically-aligned-center is-layout-flow wp-block-column-is-layout-flow\" style=\"flex-basis:60%\">\n<p>The <strong>Urban Harvest<\/strong>, developed by <strong>Solidarity Route Project<\/strong>, has been the main axis of Prato Cheio\u2019s work, and was the project that gave rise to the organization <strong>24 years ago<\/strong>. The Project is responsible for the organization for the organization's success in its work to combat food waste.<\/p>\n<\/div>\n<\/div>\n<\/div><\/div>\n<\/div>\n<\/div><\/div>\n\n\n\n<div id=\"wp-block-themeisle-blocks-advanced-columns-99e92a77\" class=\"wp-block-themeisle-blocks-advanced-columns alignfull has-1-columns has-desktop-equal-layout has-tablet-equal-layout has-mobile-equal-layout has-vertical-unset\"><div class=\"wp-block-themeisle-blocks-advanced-columns-overlay\"><\/div><div class=\"innerblocks-wrap\">\n<div id=\"wp-block-themeisle-blocks-advanced-column-9ab2f60c\" class=\"wp-block-themeisle-blocks-advanced-column has-light-bg\">\n<div class=\"wp-block-group\"><div class=\"wp-block-group__inner-container is-layout-flow wp-block-group-is-layout-flow\">\n<h2 class=\"wp-block-heading has-text-align-center\">Axis 2 \u2013 Education and Systematization of Knowledge<\/h2>\n\n\n\n<div class=\"wp-block-columns is-layout-flex wp-container-core-columns-is-layout-3 wp-block-columns-is-layout-flex\">\n<div class=\"wp-block-column is-layout-flow wp-block-column-is-layout-flow\" style=\"flex-basis:40%\">\n<div class=\"wp-block-columns is-layout-flex wp-container-core-columns-is-layout-2 wp-block-columns-is-layout-flex\">\n<div class=\"wp-block-column is-layout-flow wp-block-column-is-layout-flow\">\n<figure class=\"wp-block-image size-full\"><a href=\"#oficinas-solidarias\"><img loading=\"lazy\" decoding=\"async\" width=\"167\" height=\"300\" src=\"https:\/\/pratocheio.org.br\/wp-content\/uploads\/2022\/04\/image.png\" alt=\"\" class=\"wp-image-8863\"\/><\/a><\/figure>\n<\/div>\n\n\n\n<div class=\"wp-block-column is-layout-flow wp-block-column-is-layout-flow\">\n<figure class=\"wp-block-image size-full\"><a href=\"#prato-cheio-para-todos\"><img loading=\"lazy\" decoding=\"async\" width=\"167\" height=\"300\" src=\"https:\/\/pratocheio.org.br\/wp-content\/uploads\/2022\/04\/image-1.png\" alt=\"\" class=\"wp-image-8864\"\/><\/a><\/figure>\n<\/div>\n<\/div>\n<\/div>\n\n\n\n<div class=\"wp-block-column is-vertically-aligned-center is-layout-flow wp-block-column-is-layout-flow\" style=\"flex-basis:60%\">\n<p>Education projects such as <strong>Solidarity Workshops Project<\/strong> and the<strong> Prato Cheio para Todos Project<\/strong> make up a second axis of work that seeks to permanently systematize the accumulated knowledge and generate content for different audiences with the aim of educating people to promote good practices in food consumption<\/p>\n<\/div>\n<\/div>\n<\/div><\/div>\n<\/div>\n<\/div><\/div>\n\n\n\n<div id=\"wp-block-themeisle-blocks-advanced-columns-85908ab4\" class=\"wp-block-themeisle-blocks-advanced-columns alignfull has-1-columns has-desktop-equal-layout has-tablet-equal-layout has-mobile-equal-layout has-vertical-unset\"><div class=\"wp-block-themeisle-blocks-advanced-columns-overlay\"><\/div><div class=\"innerblocks-wrap\">\n<div id=\"wp-block-themeisle-blocks-advanced-column-9c93448e\" class=\"wp-block-themeisle-blocks-advanced-column has-light-bg\">\n<div class=\"wp-block-group\"><div class=\"wp-block-group__inner-container is-layout-flow wp-block-group-is-layout-flow\">\n<h2 class=\"wp-block-heading has-text-align-center\">Eixo 3 &#8211; Inova\u00e7\u00e3o e&nbsp;Desenvolvimento Sustent\u00e1vel<\/h2>\n\n\n\n<div class=\"wp-block-columns is-layout-flex wp-container-core-columns-is-layout-4 wp-block-columns-is-layout-flex\">\n<div class=\"wp-block-column is-layout-flow wp-block-column-is-layout-flow\" style=\"flex-basis:40%\"><div class=\"wp-block-image\">\n<figure class=\"aligncenter size-large\"><img loading=\"lazy\" decoding=\"async\" width=\"1024\" height=\"1024\" src=\"https:\/\/pratocheio.org.br\/wp-content\/uploads\/2025\/10\/icones-site-1024x1024.png\" alt=\"\" class=\"wp-image-9459\" srcset=\"https:\/\/pratocheio.org.br\/wp-content\/uploads\/2025\/10\/icones-site-1024x1024.png 1024w, https:\/\/pratocheio.org.br\/wp-content\/uploads\/2025\/10\/icones-site-300x300.png 300w, https:\/\/pratocheio.org.br\/wp-content\/uploads\/2025\/10\/icones-site-150x150.png 150w, https:\/\/pratocheio.org.br\/wp-content\/uploads\/2025\/10\/icones-site-768x768.png 768w, https:\/\/pratocheio.org.br\/wp-content\/uploads\/2025\/10\/icones-site-12x12.png 12w, https:\/\/pratocheio.org.br\/wp-content\/uploads\/2025\/10\/icones-site.png 1080w\" sizes=\"auto, (max-width: 1024px) 100vw, 1024px\" \/><\/figure><\/div><\/div>\n\n\n\n<div class=\"wp-block-column is-vertically-aligned-center is-layout-flow wp-block-column-is-layout-flow\" style=\"flex-basis:60%\">\n<p>A third axis includes the use of technological tools to <strong>improve information collection and circulation systems<\/strong>, besides giving <strong>transparency and visibility of the results and impacts achieved<\/strong>, which ensures greater engagement of actors in the donation<br>of food, promoting more sustainable food systems. <\/p>\n\n\n\n<p>O&nbsp;uso de novas ferramentas tecnol\u00f3gicas \u00e9 essencial para replicar e dar escalabilidade \u00e0 metodologia de trabalho da Associa\u00e7\u00e3o Prato Cheio, como a Plataforma de Impacto e a Plataforma de Educa\u00e7\u00e3o \u00e0 Dist\u00e2ncia.<\/p>\n\n\n\n<p>Access the <a href=\"https:\/\/pratocheio.org.br\/en\/plataforma-de-impacto\/\" data-type=\"page\" data-id=\"9063\">Impact Platform<\/a> and also the <a href=\"https:\/\/pratocheio.org.br\/en\/prato-cheio-para-todos\/\" data-type=\"page\" data-id=\"8971\">Course Platform<\/a><\/p>\n<\/div>\n<\/div>\n<\/div><\/div>\n<\/div>\n<\/div><\/div>\n\n\n\n<div id=\"wp-block-themeisle-blocks-advanced-columns-b8803392\" class=\"wp-block-themeisle-blocks-advanced-columns alignwide has-1-columns has-desktop-equal-layout has-tablet-equal-layout has-mobile-equal-layout has-vertical-unset has-default-gap\"><div class=\"wp-block-themeisle-blocks-advanced-columns-overlay\"><\/div><div class=\"innerblocks-wrap\">\n<div id=\"wp-block-themeisle-blocks-advanced-column-e873bdc9\" class=\"wp-block-themeisle-blocks-advanced-column\"><\/div>\n<\/div><\/div>\n\n\n\n<div id=\"wp-block-themeisle-blocks-advanced-columns-bae71eb7\" class=\"wp-block-themeisle-blocks-advanced-columns alignwide has-1-columns has-desktop-equal-layout has-tablet-equal-layout has-mobile-equal-layout has-vertical-unset has-default-gap\"><div class=\"wp-block-themeisle-blocks-advanced-columns-overlay\"><\/div><div class=\"innerblocks-wrap\">\n<div id=\"wp-block-themeisle-blocks-advanced-column-1d0fe8f4\" class=\"wp-block-themeisle-blocks-advanced-column\">\n<p>The Association published articles, participated in fairs, meetings and events to spread knowledge and raise awareness.&nbsp;<\/p>\n\n\n\n<ul class=\"wp-block-list\">\n<li><strong>Prato Cheio in the media:<\/strong>&nbsp;<\/li>\n\n\n\n<li>Prato Cheio Course Platform in 3rd sector Observatory:&nbsp;<a href=\"https:\/\/observatorio3setor.org.br\/noticias\/cursos-online-da-ong-prato-cheio-estimulam-a-educacao-alimentar\/\" target=\"_blank\" rel=\"noreferrer noopener\">https:\/\/observatorio3setor.org.br\/noticias\/cursos-online-da-ong-prato-cheio-estimulam-a-educacao-alimentar\/<\/a><\/li>\n<\/ul>\n\n\n\n<ul class=\"wp-block-list\">\n<li>Article about the role of women in the 3rd sector Observatory.&nbsp;<a href=\"https:\/\/observatorio3setor.org.br\/associacao-prato-cheio-mulheres-no-protagonismo-da-luta-contra-a-fome\/\" target=\"_blank\" rel=\"noreferrer noopener\">https:\/\/observatorio3setor.org.br\/associacao-prato-cheio-mulheres-no-protagonismo-da-luta-contra-a-fome\/<\/a>&nbsp;<\/li>\n\n\n\n<li>Prato Cheio&#039;s Impact Platform was featured in&nbsp;<strong>Sao Paulo Newspaper:<\/strong>&nbsp;<a href=\"https:\/\/www1.folha.uol.com.br\/folha-social-mais\/2024\/05\/ong-de-colheita-urbana-de-alimentos-cria-plataforma-para-acompanhar-doacoes.shtml\" target=\"_blank\" rel=\"noreferrer noopener\">https:\/\/www1.folha.uol.com.br\/folha-social-mais\/2024\/05\/ong-de-colheita-urbana-de-alimentos-cria-plataforma-para-acompanhar-doacoes.shtml<\/a><\/li>\n\n\n\n<li>The Third Sector Observatory released an article on the&nbsp;<strong>Prato Cheio Course Platform<\/strong>, which offers free courses with certification for everyone!&nbsp;<a href=\"https:\/\/observatorio3setor.org.br\/noticias\/cursos-online-da-ong-prato-cheio-estimulam-a-educacao-alimentar\/\" target=\"_blank\" rel=\"noreferrer noopener\">https:\/\/observatorio3setor.org.br\/noticias\/cursos-online-da-ong-prato-cheio-estimulam-a-educacao-alimentar\/<\/a><\/li>\n\n\n\n<li>Super Hiper Magazine highlights \u201cAccording to research conducted by the UN, more than 1 billion meals are thrown away every day. Other initiatives are also being carried out online to avoid this huge waste, such as&nbsp;<strong>food donation to partners such as Mesa Brasil and Prato Cheio,<\/strong>&nbsp;projects that connect donations to institutions that combat food insecurity.\u201d<\/li>\n<\/ul>\n\n\n\n<ul class=\"wp-block-list\">\n<li><strong>Prato Cheio was at APAS SHOW 2024 (<\/strong><a href=\"https:\/\/www.instagram.com\/apasshow\/\" target=\"_blank\" rel=\"noreferrer noopener\">@apasshow<\/a><strong>)! The largest food and beverage event in the Americas and the largest supermarket fair in the world!<\/strong><\/li>\n<\/ul>\n\n\n\n<ul class=\"wp-block-list\">\n<li><strong>Walter Belik, president of Prato Cheio,<\/strong>&nbsp;presented the lecture \u201cZero food waste: the path to sustainability and competitiveness\u201d.<\/li>\n<\/ul>\n\n\n\n<ul class=\"wp-block-list\">\n<li><strong>Nuria Chaim, manager of Prato Cheio<\/strong>, presented the Impact Platform of the Prato Cheio Association.<\/li>\n<\/ul>\n\n\n\n<ul class=\"wp-block-list\">\n<li><strong>Sheila Pistori, coordinator of Prato Cheio<\/strong>, was at the forefront of Apas events in the interior of S\u00e3o Paulo,&nbsp;<strong>Apas Experience,<\/strong>&nbsp;in cities such as Marilia, Sorocaba, Presidente Prudente, Ara\u00e7atuba and Campinas.<\/li>\n<\/ul>\n\n\n\n<ul class=\"wp-block-list\">\n<li><strong>Award: Prato Cheio was the winner in the Human Right to Food category!&nbsp;<\/strong>Second edition of the Paulistana Social Gastronomy Award, held by the Gastronomy Observatory, a collegiate body of the Secretariat for Economic Development and Labor of the City of S\u00e3o Paulo<\/li>\n\n\n\n<li><strong>Awards:&nbsp;<\/strong>Prato Cheio was awarded as&nbsp;<strong>Cargill Foundation Highlight 2024!<\/strong>&nbsp;To receive the Award, the&nbsp;<strong>Director of Prato Cheio Leny Pripas and Chairman of the Board Dafna Kann<\/strong>, were at the ceremony!<\/li>\n<\/ul>\n\n\n\n<ul class=\"wp-block-list\">\n<li><strong>Tribute received by Mesa Brasil Sesc SP<\/strong>&nbsp;at an event held at Sesc Pinheiros! The Prato Cheio Coordinator Sheila Pistori was present to receive the honor.<\/li>\n<\/ul>\n\n\n\n<p><\/p>\n<\/div>\n<\/div><\/div>\n\n\n\n<p class=\"has-text-align-center\">Follow the results of our Projects, learn about <a href=\"https:\/\/pratocheio.org.br\/en\/quem-somos\/\" data-type=\"page\">Annual Activity Reports<\/a>!<\/p>\n\n\n\n<div id=\"sb_instagram\"  class=\"sbi sbi_mob_col_1 sbi_tab_col_2 sbi_col_4 sbi_width_resp\" style=\"padding-bottom: 10px;\"\t data-feedid=\"*1\"  data-res=\"auto\" data-cols=\"4\" data-colsmobile=\"1\" data-colstablet=\"2\" data-num=\"8\" data-nummobile=\"8\" data-item-padding=\"5\"\t data-shortcode-atts=\"{&quot;user&quot;:&quot;associacaopratocheio&quot;,&quot;cachetime&quot;:30}\"  data-postid=\"3794\" data-locatornonce=\"e3a821241f\" data-imageaspectratio=\"1:1\" data-sbi-flags=\"favorLocal,gdpr\">\n\t\n\t<div id=\"sbi_images\"  style=\"gap: 10px;\">\n\t\t\t<\/div>\n\n\t<div id=\"sbi_load\" >\n\n\t\n\t\t\t<span class=\"sbi_follow_btn sbi_custom\" >\n\t\t\t<a target=\"_blank\"\n\t\t\t\trel=\"nofollow noopener\"  href=\"https:\/\/www.instagram.com\/7549544898463491\/\" style=\"background: rgb(64,139,209);\">\n\t\t\t\t<svg class=\"svg-inline--fa fa-instagram fa-w-14\" aria-hidden=\"true\" data-fa-processed=\"\" aria-label=\"Instagram\" data-prefix=\"fab\" data-icon=\"instagram\" role=\"img\" viewbox=\"0 0 448 512\">\n                    <path fill=\"currentColor\" d=\"M224.1 141c-63.6 0-114.9 51.3-114.9 114.9s51.3 114.9 114.9 114.9S339 319.5 339 255.9 287.7 141 224.1 141zm0 189.6c-41.1 0-74.7-33.5-74.7-74.7s33.5-74.7 74.7-74.7 74.7 33.5 74.7 74.7-33.6 74.7-74.7 74.7zm146.4-194.3c0 14.9-12 26.8-26.8 26.8-14.9 0-26.8-12-26.8-26.8s12-26.8 26.8-26.8 26.8 12 26.8 26.8zm76.1 27.2c-1.7-35.9-9.9-67.7-36.2-93.9-26.2-26.2-58-34.4-93.9-36.2-37-2.1-147.9-2.1-184.9 0-35.8 1.7-67.6 9.9-93.9 36.1s-34.4 58-36.2 93.9c-2.1 37-2.1 147.9 0 184.9 1.7 35.9 9.9 67.7 36.2 93.9s58 34.4 93.9 36.2c37 2.1 147.9 2.1 184.9 0 35.9-1.7 67.7-9.9 93.9-36.2 26.2-26.2 34.4-58 36.2-93.9 2.1-37 2.1-147.8 0-184.8zM398.8 388c-7.8 19.6-22.9 34.7-42.6 42.6-29.5 11.7-99.5 9-132.1 9s-102.7 2.6-132.1-9c-19.6-7.8-34.7-22.9-42.6-42.6-11.7-29.5-9-99.5-9-132.1s-2.6-102.7 9-132.1c7.8-19.6 22.9-34.7 42.6-42.6 29.5-11.7 99.5-9 132.1-9s102.7-2.6 132.1 9c19.6 7.8 34.7 22.9 42.6 42.6 11.7 29.5 9 99.5 9 132.1s2.7 102.7-9 132.1z\"><\/path>\n                <\/svg>\t\t\t\t<span>Follow us on Instagram<\/span>\n\t\t\t<\/a>\n\t\t<\/span>\n\t\n<\/div>\n\t\t<span class=\"sbi_resized_image_data\" data-feed-id=\"*1\"\n\t\t  data-resized=\"[]\">\n\t<\/span>\n\t<\/div>","protected":false},"excerpt":{"rendered":"<p>Follow the results of our Projects, discover the Annual Activity Reports!<\/p>","protected":false},"author":1,"featured_media":0,"parent":0,"menu_order":0,"comment_status":"closed","ping_status":"closed","template":"","meta":{"neve_meta_sidebar":"full-width","neve_meta_container":"","neve_meta_enable_content_width":"on","neve_meta_content_width":100,"neve_meta_title_alignment":"","neve_meta_author_avatar":"","neve_post_elements_order":"","neve_meta_disable_header":"","neve_meta_disable_footer":"","neve_meta_disable_title":"on","_themeisle_gutenberg_block_has_review":false,"footnotes":""},"class_list":["post-3794","page","type-page","status-publish","hentry"],"_links":{"self":[{"href":"https:\/\/pratocheio.org.br\/en\/wp-json\/wp\/v2\/pages\/3794","targetHints":{"allow":["GET"]}}],"collection":[{"href":"https:\/\/pratocheio.org.br\/en\/wp-json\/wp\/v2\/pages"}],"about":[{"href":"https:\/\/pratocheio.org.br\/en\/wp-json\/wp\/v2\/types\/page"}],"author":[{"embeddable":true,"href":"https:\/\/pratocheio.org.br\/en\/wp-json\/wp\/v2\/users\/1"}],"replies":[{"embeddable":true,"href":"https:\/\/pratocheio.org.br\/en\/wp-json\/wp\/v2\/comments?post=3794"}],"version-history":[{"count":90,"href":"https:\/\/pratocheio.org.br\/en\/wp-json\/wp\/v2\/pages\/3794\/revisions"}],"predecessor-version":[{"id":9477,"href":"https:\/\/pratocheio.org.br\/en\/wp-json\/wp\/v2\/pages\/3794\/revisions\/9477"}],"wp:attachment":[{"href":"https:\/\/pratocheio.org.br\/en\/wp-json\/wp\/v2\/media?parent=3794"}],"curies":[{"name":"wp","href":"https:\/\/api.w.org\/{rel}","templated":true}]}}