{"id":3799,"date":"2021-05-25T20:51:44","date_gmt":"2021-05-25T23:51:44","guid":{"rendered":"http:\/\/pratocheio.org.br\/novosite\/?page_id=3799"},"modified":"2023-05-30T11:47:51","modified_gmt":"2023-05-30T14:47:51","slug":"como-ajudar","status":"publish","type":"page","link":"https:\/\/pratocheio.org.br\/en\/como-ajudar\/","title":{"rendered":"How to Help \u2013 Prato Cheio"},"content":{"rendered":"\n<div id=\"wp-block-themeisle-blocks-advanced-columns-e98b6687\" class=\"wp-block-themeisle-blocks-advanced-columns alignfull has-2-columns has-desktop-equal-layout has-tablet-equal-layout has-mobile-collapsedRows-layout has-vertical-unset\"><div class=\"wp-block-themeisle-blocks-advanced-columns-overlay\"><\/div><div class=\"innerblocks-wrap\">\n<div id=\"wp-block-themeisle-blocks-advanced-column-2e047838\" class=\"wp-block-themeisle-blocks-advanced-column has-light-bg\">\n<div class=\"wp-block-group\"><div class=\"wp-block-group__inner-container is-layout-flow wp-block-group-is-layout-flow\">\n<h2 class=\"wp-block-heading has-text-align-center has-neve-text-color-color has-text-color\">NOTA FISCAL <br>PAULISTA<\/h2>\n\n\n\n<h4 class=\"wp-block-heading has-text-align-center\">\u00c9 poss\u00edvel <strong>doar sua Nota Fiscal Paulista<\/strong> para a Prato Cheio de forma autom\u00e1tica, em <strong>menos de 5 minutos!<\/strong><\/h4>\n\n\n\n<div style=\"height:38px\" aria-hidden=\"true\" class=\"wp-block-spacer\"><\/div>\n\n\n\n<p class=\"has-text-align-center\">Basta acessar&nbsp;<a rel=\"noreferrer noopener\" href=\"https:\/\/www.nfp.fazenda.sp.gov.br\/\" target=\"_blank\">https:\/\/www.nfp.fazenda.sp.gov.br\/<\/a>, e seguir os passos abaixo:<\/p>\n\n\n\n<ol class=\"wp-block-list\">\n<li>Fa\u00e7a Login<\/li>\n\n\n\n<li>No menu, acesse&nbsp;<strong>[Entidades] [Doa\u00e7\u00e3o de cupons com CPF]<\/strong>.<\/li>\n\n\n\n<li>Busque nossa entidade por&nbsp;<strong>ASSOCIA\u00c7\u00c3O PRATO CHEIO<\/strong>&nbsp;ou por nosso&nbsp;<strong>CNPJ 04.490.998\/0001-00<\/strong>.<\/li>\n\n\n\n<li>Finalize o processo no bot\u00e3o de confirma\u00e7\u00e3o.<\/li>\n<\/ol>\n\n\n\n<div style=\"height:25px\" aria-hidden=\"true\" class=\"wp-block-spacer\"><\/div>\n\n\n\n<p class=\"has-text-align-center\"><strong>Pronto, suas Notas Fiscais ser\u00e3o destinadas automaticamente para a Prato Cheio!<\/strong><\/p>\n\n\n\n<div style=\"height:25px\" aria-hidden=\"true\" class=\"wp-block-spacer\"><\/div>\n\n\n\n<p class=\"has-small-font-size\">Aten\u00e7\u00e3o: Para efetivar a sua doa\u00e7\u00e3o, \u00e9 necess\u00e1rio ter feito pelo menos um resgate dos cr\u00e9ditos da Nota Paulista na sua conta. Basta acessar [Conta Corrente] e [Utilizar Cr\u00e9ditos]<\/p>\n\n\n\n<p><\/p>\n<\/div><\/div>\n<\/div>\n\n\n\n<div id=\"wp-block-themeisle-blocks-advanced-column-aa4b90b0\" class=\"wp-block-themeisle-blocks-advanced-column has-light-bg\">\n<div class=\"wp-block-group\"><div class=\"wp-block-group__inner-container is-layout-flow wp-block-group-is-layout-flow\">\n<h2 class=\"wp-block-heading has-text-align-center\" id=\"block-9b69bc40-e799-48e7-8ea4-f54bca47d707\">DOA\u00c7\u00c3O VIA PIX<\/h2>\n\n\n\n<p class=\"has-text-align-center\">\u00c9 poss\u00edvel ajudar a Prato Cheio atrav\u00e9s do PIX, lendo o QR Code abaixo pelo seu aplicativo de pagamento:<\/p>\n\n\n<div class=\"wp-block-image\">\n<figure class=\"aligncenter size-large is-resized\"><img decoding=\"async\" src=\"https:\/\/pratocheio.org.br\/wp-content\/uploads\/2021\/06\/qr-pix-edited.png\" alt=\"\" class=\"wp-image-4205\" width=\"271\" srcset=\"https:\/\/pratocheio.org.br\/wp-content\/uploads\/2021\/06\/qr-pix-edited.png 385w, https:\/\/pratocheio.org.br\/wp-content\/uploads\/2021\/06\/qr-pix-edited-300x300.png 300w, https:\/\/pratocheio.org.br\/wp-content\/uploads\/2021\/06\/qr-pix-edited-150x150.png 150w\" sizes=\"(max-width: 385px) 100vw, 385px\" \/><\/figure>\n<\/div>\n\n\n<p class=\"has-text-align-center\">Ou utilizando a <strong>CHAVE PIX<\/strong> abaixo:<\/p>\n\n\n\n<p class=\"has-text-align-center\"><strong>CNPJ 04.490.998\/0001-00<\/strong><br><\/p>\n\n\n\n<p class=\"has-text-align-center\"><strong>Dados Banc\u00e1rios<\/strong>:<br>Banco: Ita\u00fa<br>Dep\u00f3sito para:&nbsp;Associa\u00e7\u00e3o Prato Cheio<br>CNPJ 04.490.998\/0001-00<br>Banco Ita\u00fa AG: 0445<br>C\/C: 20291-4<\/p>\n<\/div><\/div>\n<\/div>\n<\/div><\/div>\n\n\n\n<div id=\"wp-block-themeisle-blocks-advanced-columns-0a2bd4ae\" class=\"wp-block-themeisle-blocks-advanced-columns alignfull has-2-columns has-desktop-equal-layout has-tablet-equal-layout has-mobile-collapsedRows-layout has-vertical-unset\"><div class=\"wp-block-themeisle-blocks-advanced-columns-overlay\"><\/div><div class=\"innerblocks-wrap\">\n<div id=\"wp-block-themeisle-blocks-advanced-column-7c931c8a\" class=\"wp-block-themeisle-blocks-advanced-column has-light-bg\">\n<h2 class=\"wp-block-heading has-text-align-center\">PARCERIAS EMPRESARIAS<\/h2>\n\n\n\n<p><strong>A Associa\u00e7\u00e3o Prato Cheio realiza parcerias com empresas para a realiza\u00e7\u00e3o de:<\/strong><\/p>\n\n\n\n<ul class=\"wp-block-list\">\n<li>Oficinas culin\u00e1rias<\/li>\n\n\n\n<li>Palestras<\/li>\n\n\n\n<li>Projetos<\/li>\n\n\n\n<li>Eventos<\/li>\n<\/ul>\n\n\n\n<div style=\"height:9px\" aria-hidden=\"true\" class=\"wp-block-spacer\"><\/div>\n\n\n\n<p><strong>Contrapartidas para a sua Empresa:<\/strong><\/p>\n\n\n\n<ul class=\"wp-block-list\">\n<li>Exposi\u00e7\u00e3o do logotipo da empresa no site e redes sociais da Prato Cheio<\/li>\n\n\n\n<li>Associa\u00e7\u00e3o da marca junto aos relat\u00f3rios de atividades da Prato Cheio<\/li>\n\n\n\n<li>Direito de uso do Selo Prato Cheio em materiais institucionais<\/li>\n\n\n\n<li>Recibo de doa\u00e7\u00e3o para abatimento de at\u00e9 2% do Imposto de Renda para empresas com Lucro Real (Lei n\u00ba 9.790\/99)<\/li>\n<\/ul>\n<\/div>\n\n\n\n<div id=\"wp-block-themeisle-blocks-advanced-column-c1b6669e\" class=\"wp-block-themeisle-blocks-advanced-column has-light-bg\">\n<h2 class=\"wp-block-heading has-text-align-center\">Doa\u00e7\u00e3o via cart\u00e3o de cr\u00e9dito e boleto banc\u00e1rio<\/h2>\n\n\n\n<p><strong><strong>\u00c9 poss\u00edvel doar para a Prato Cheio atrav\u00e9s de boleto banc\u00e1rio e tamb\u00e9m via cart\u00e3o de cr\u00e9dito: <\/strong><\/strong><\/p>\n\n\n\n<p class=\"has-text-align-center has-medium-font-size\"><strong>Doa\u00e7\u00e3o Recorrente &#8211; Mensal<\/strong><\/p>\n\n\n\n<figure class=\"wp-block-table aligncenter is-style-stripes\"><table><tbody><tr><td><strong>R$ 10,00<\/strong><\/td><td><a href=\"http:\/\/pag.ae\/7Zr_ugtup\" target=\"_blank\" rel=\"noreferrer noopener\"><img loading=\"lazy\" decoding=\"async\" width=\"99\" height=\"61\" src=\"https:\/\/stc.pagseguro.uol.com.br\/public\/img\/botoes\/assinaturas\/99x61-assinar-azul-assina.gif\"><\/a><\/td><\/tr><tr><td><strong>R$ 30,00<\/strong><\/td><td><a href=\"http:\/\/pag.ae\/7Zr_uXT9p\" target=\"_blank\" rel=\"noreferrer noopener\"><img loading=\"lazy\" decoding=\"async\" width=\"99\" height=\"61\" src=\"https:\/\/stc.pagseguro.uol.com.br\/public\/img\/botoes\/assinaturas\/99x61-assinar-azul-assina.gif\"><\/a><\/td><\/tr><tr><td><strong>R$ 50,00<\/strong><\/td><td><a href=\"http:\/\/pag.ae\/7Zr_vjY9q\" target=\"_blank\" rel=\"noreferrer noopener\"><img loading=\"lazy\" decoding=\"async\" width=\"99\" height=\"61\" src=\"https:\/\/stc.pagseguro.uol.com.br\/public\/img\/botoes\/assinaturas\/99x61-assinar-azul-assina.gif\"><\/a><\/td><\/tr><tr><td><strong>R$ 100,00<\/strong><\/td><td><a rel=\"noreferrer noopener\" href=\"http:\/\/pag.ae\/7W_WLsCnJ\" target=\"_blank\"><\/a><a rel=\"noreferrer noopener\" href=\"http:\/\/pag.ae\/7W_WLsCnJ\" target=\"_blank\"><\/a><a href=\"http:\/\/pag.ae\/7Zr_vANEp\" target=\"_blank\" rel=\"noreferrer noopener\"><img loading=\"lazy\" decoding=\"async\" width=\"99\" height=\"61\" src=\"https:\/\/stc.pagseguro.uol.com.br\/public\/img\/botoes\/assinaturas\/99x61-assinar-azul-assina.gif\"><\/a><\/td><\/tr><\/tbody><\/table><\/figure>\n\n\n\n<p class=\"has-text-align-center has-medium-font-size\"><strong>Doa\u00e7\u00e3o Pontual<\/strong><\/p>\n\n\n\n<center><!-- INICIO FORMULARIO BOTAO PAGSEGURO -->\n<form action=\"https:\/\/pagseguro.uol.com.br\/checkout\/v2\/donation.html\" method=\"post\">\n<!-- N\u00c3O EDITE OS COMANDOS DAS LINHAS ABAIXO -->\n<input type=\"hidden\" name=\"currency\" value=\"BRL\" \/>\n<input type=\"hidden\" name=\"receiverEmail\" value=\"david@pratocheio.org.br\" \/>\n<input type=\"hidden\" name=\"iot\" value=\"button\" \/>\n<input type=\"image\" src=\"https:\/\/stc.pagseguro.uol.com.br\/public\/img\/botoes\/doacoes\/95x45-doar-azul.gif\" name=\"submit\" alt=\"Pague com PagBank - \u00e9 r\u00e1pido, gr\u00e1tis e seguro!\" \/>\n<\/form>\n<!-- FINAL FORMULARIO BOTAO PAGSEGURO --><\/center>\n\n\n\n<div style=\"height:9px\" aria-hidden=\"true\" class=\"wp-block-spacer\"><\/div>\n<\/div>\n<\/div><\/div>\n\n\n\n<div id=\"wp-block-themeisle-blocks-advanced-columns-6f2b9a5e\" class=\"wp-block-themeisle-blocks-advanced-columns alignfull has-2-columns has-desktop-equal-layout has-tablet-equal-layout has-mobile-collapsedRows-layout has-vertical-unset\"><div class=\"wp-block-themeisle-blocks-advanced-columns-overlay\"><\/div><div class=\"innerblocks-wrap\">\n<div id=\"wp-block-themeisle-blocks-advanced-column-1a1bbae4\" class=\"wp-block-themeisle-blocks-advanced-column has-light-bg\">\n<div class=\"wp-block-group\"><div class=\"wp-block-group__inner-container is-layout-flow wp-block-group-is-layout-flow\">\n<h2 class=\"wp-block-heading has-text-align-center\" id=\"block-9b69bc40-e799-48e7-8ea4-f54bca47d707\">DOA\u00c7\u00d5ES INTERNACIONAIS<\/h2>\n\n\n\n<p class=\"has-text-align-center\">A Prato Cheio \u00e9 afiliada \u00e0 <strong>CAF AMERICA<\/strong>, para <a href=\"https:\/\/cafa.iphiview.com\/cafa\/Organizations\/OrganizationView\/tabid\/437\/dispatch\/byorganization_id$32518_hash$d8ef303dddc9109e831186b9d462f8c8471505f0\/Default.aspx\" data-type=\"URL\" data-id=\"https:\/\/cafa.iphiview.com\/cafa\/Organizations\/OrganizationView\/tabid\/437\/dispatch\/byorganization_id$32518_hash$d8ef303dddc9109e831186b9d462f8c8471505f0\/Default.aspx\" target=\"_blank\" rel=\"noreferrer noopener\">doa\u00e7\u00f5es internacionais, clique aqui!<\/a><\/p>\n\n\n<div class=\"wp-block-image\">\n<figure class=\"aligncenter size-large\"><a href=\"https:\/\/cafa.iphiview.com\/cafa\/Organizations\/OrganizationView\/tabid\/437\/dispatch\/byorganization_id$32518_hash$d8ef303dddc9109e831186b9d462f8c8471505f0\/Default.aspx\" target=\"_blank\" rel=\"noreferrer noopener\"><img decoding=\"async\" src=\"https:\/\/api.accredible.com\/v1\/frontend\/credential_website_embed_image\/badge\/60587492\" alt=\"\"\/><\/a><\/figure>\n<\/div><\/div><\/div>\n<\/div>\n\n\n\n<div id=\"wp-block-themeisle-blocks-advanced-column-cb127f9c\" class=\"wp-block-themeisle-blocks-advanced-column has-light-bg\">\n<div class=\"wp-block-group\"><div class=\"wp-block-group__inner-container is-layout-flow wp-block-group-is-layout-flow\">\n<h2 class=\"wp-block-heading has-text-align-center\" id=\"block-9b69bc40-e799-48e7-8ea4-f54bca47d707\">VOLUNTARIADO<\/h2>\n\n\n\n<p class=\"has-text-align-left\"><strong>Voc\u00ea pode contribuir tamb\u00e9m com atividades diversas:<\/strong><\/p>\n\n\n\n<ul class=\"wp-block-list\">\n<li>Apoio na cria\u00e7\u00e3o de conte\u00fado e na divulga\u00e7\u00e3o as pautas da Prato Cheio<\/li>\n\n\n\n<li>Organiza\u00e7\u00e3o de campanhas<\/li>\n\n\n\n<li>Prospec\u00e7\u00e3o de empresas e outros \u00f3rg\u00e3os para parcerias<\/li>\n\n\n\n<li>Presta\u00e7\u00e3o de servi\u00e7os diversos.<\/li>\n<\/ul>\n\n\n\n<p><a href=\"https:\/\/pratocheio.org.br\/contato\/\" data-type=\"page\" data-id=\"4007\">Converse<\/a> com a gente!<\/p>\n\n\n\n<p><\/p>\n<\/div><\/div>\n<\/div>\n<\/div><\/div>\n","protected":false},"excerpt":{"rendered":"","protected":false},"author":1,"featured_media":0,"parent":0,"menu_order":0,"comment_status":"closed","ping_status":"closed","template":"","meta":{"neve_meta_sidebar":"full-width","neve_meta_container":"","neve_meta_enable_content_width":"on","neve_meta_content_width":100,"neve_meta_title_alignment":"","neve_meta_author_avatar":"","neve_post_elements_order":"","neve_meta_disable_header":"","neve_meta_disable_footer":"","neve_meta_disable_title":"on","_themeisle_gutenberg_block_has_review":false,"footnotes":""},"class_list":["post-3799","page","type-page","status-publish","hentry"],"_links":{"self":[{"href":"https:\/\/pratocheio.org.br\/en\/wp-json\/wp\/v2\/pages\/3799","targetHints":{"allow":["GET"]}}],"collection":[{"href":"https:\/\/pratocheio.org.br\/en\/wp-json\/wp\/v2\/pages"}],"about":[{"href":"https:\/\/pratocheio.org.br\/en\/wp-json\/wp\/v2\/types\/page"}],"author":[{"embeddable":true,"href":"https:\/\/pratocheio.org.br\/en\/wp-json\/wp\/v2\/users\/1"}],"replies":[{"embeddable":true,"href":"https:\/\/pratocheio.org.br\/en\/wp-json\/wp\/v2\/comments?post=3799"}],"version-history":[{"count":29,"href":"https:\/\/pratocheio.org.br\/en\/wp-json\/wp\/v2\/pages\/3799\/revisions"}],"predecessor-version":[{"id":8978,"href":"https:\/\/pratocheio.org.br\/en\/wp-json\/wp\/v2\/pages\/3799\/revisions\/8978"}],"wp:attachment":[{"href":"https:\/\/pratocheio.org.br\/en\/wp-json\/wp\/v2\/media?parent=3799"}],"curies":[{"name":"wp","href":"https:\/\/api.w.org\/{rel}","templated":true}]}}