{"id":8902,"date":"2022-09-19T09:30:41","date_gmt":"2022-09-19T12:30:41","guid":{"rendered":"https:\/\/pratocheio.org.br\/?page_id=8902"},"modified":"2023-05-30T11:49:11","modified_gmt":"2023-05-30T14:49:11","slug":"paraquemdoar","status":"publish","type":"page","link":"https:\/\/pratocheio.org.br\/en\/paraquemdoar\/","title":{"rendered":"How to Help \u2013 Prato Cheio"},"content":{"rendered":"<div id=\"wp-block-themeisle-blocks-advanced-columns-048f472d\" class=\"wp-block-themeisle-blocks-advanced-columns alignfull has-2-columns has-desktop-equal-layout has-tablet-equal-layout has-mobile-collapsedRows-layout has-vertical-unset\"><div class=\"wp-block-themeisle-blocks-advanced-columns-overlay\"><\/div><div class=\"innerblocks-wrap\">\n<div id=\"wp-block-themeisle-blocks-advanced-column-36f0329d\" class=\"wp-block-themeisle-blocks-advanced-column has-light-bg\">\n<div class=\"wp-block-group\"><div class=\"wp-block-group__inner-container is-layout-flow wp-block-group-is-layout-flow\">\n<h2 class=\"wp-block-heading has-text-align-center\" id=\"block-9b69bc40-e799-48e7-8ea4-f54bca47d707\">DOA\u00c7\u00c3O VIA PIX e <br>Dep\u00f3sito Banc\u00e1rio<\/h2>\n\n\n\n<p class=\"has-text-align-center\">It is possible to help Prato Cheio through PIX, reading the QR Code below through your payment app:<\/p>\n\n\n<div class=\"wp-block-image\">\n<figure class=\"aligncenter size-full is-resized\"><img loading=\"lazy\" decoding=\"async\" src=\"https:\/\/pratocheio.org.br\/wp-content\/uploads\/2022\/09\/qrcode-pix-pqd.png\" alt=\"\" class=\"wp-image-8905\" width=\"260\" height=\"261\" srcset=\"https:\/\/pratocheio.org.br\/wp-content\/uploads\/2022\/09\/qrcode-pix-pqd.png 330w, https:\/\/pratocheio.org.br\/wp-content\/uploads\/2022\/09\/qrcode-pix-pqd-298x300.png 298w, https:\/\/pratocheio.org.br\/wp-content\/uploads\/2022\/09\/qrcode-pix-pqd-150x150.png 150w\" sizes=\"auto, (max-width: 260px) 100vw, 260px\" \/><\/figure><\/div>\n\n\n<p class=\"has-text-align-center\">Or using the <strong>PIX KEY<\/strong> below:<\/p>\n\n\n\n<p class=\"has-text-align-center\"><strong>E-Mail: paraquemdoar@pratocheio.org.br<\/strong><\/p>\n\n\n\n<p class=\"has-text-align-center\"><strong>Bank data<\/strong>:<br>Itau bank<br>Deposit to: Associa\u00e7\u00e3o Prato Cheio<br>CNPJ 04.490.998\/0001-00<br>Banco Ita\u00fa AG: 0445<br>C\/C: 20291-4<\/p>\n<\/div><\/div>\n<\/div>\n\n\n\n<div id=\"wp-block-themeisle-blocks-advanced-column-c1b6669e\" class=\"wp-block-themeisle-blocks-advanced-column has-light-bg\">\n<h2 class=\"wp-block-heading has-text-align-center\">Donation via credit card and bank slip<\/h2>\n\n\n\n<p><strong><strong>It is possible to donate to Prato Cheio via bank slip and also via credit card: <\/strong><\/strong><\/p>\n\n\n\n<p class=\"has-text-align-center has-medium-font-size\"><strong>Recurring Donation \u2013 Monthly<\/strong><\/p>\n\n\n\n<figure class=\"wp-block-table aligncenter is-style-stripes\"><table><tbody><tr><td><strong>R$ 10.00<\/strong><\/td><td><a href=\"http:\/\/pag.ae\/7Zr_ugtup\" target=\"_blank\" rel=\"noreferrer noopener\"><img loading=\"lazy\" decoding=\"async\" width=\"99\" height=\"61\" src=\"https:\/\/stc.pagseguro.uol.com.br\/public\/img\/botoes\/assinaturas\/99x61-assinar-azul-assina.gif\"><\/a><\/td><\/tr><tr><td><strong>R$ 30.00<\/strong><\/td><td><a href=\"http:\/\/pag.ae\/7Zr_uXT9p\" target=\"_blank\" rel=\"noreferrer noopener\"><img loading=\"lazy\" decoding=\"async\" width=\"99\" height=\"61\" src=\"https:\/\/stc.pagseguro.uol.com.br\/public\/img\/botoes\/assinaturas\/99x61-assinar-azul-assina.gif\"><\/a><\/td><\/tr><tr><td><strong>R$ 50.00<\/strong><\/td><td><a href=\"http:\/\/pag.ae\/7Zr_vjY9q\" target=\"_blank\" rel=\"noreferrer noopener\"><img loading=\"lazy\" decoding=\"async\" width=\"99\" height=\"61\" src=\"https:\/\/stc.pagseguro.uol.com.br\/public\/img\/botoes\/assinaturas\/99x61-assinar-azul-assina.gif\"><\/a><\/td><\/tr><tr><td><strong>R$ 100.00<\/strong><\/td><td><a rel=\"noreferrer noopener\" href=\"http:\/\/pag.ae\/7W_WLsCnJ\" target=\"_blank\"><\/a><a rel=\"noreferrer noopener\" href=\"http:\/\/pag.ae\/7W_WLsCnJ\" target=\"_blank\"><\/a><a href=\"http:\/\/pag.ae\/7Zr_vANEp\" target=\"_blank\" rel=\"noreferrer noopener\"><img loading=\"lazy\" decoding=\"async\" width=\"99\" height=\"61\" src=\"https:\/\/stc.pagseguro.uol.com.br\/public\/img\/botoes\/assinaturas\/99x61-assinar-azul-assina.gif\"><\/a><\/td><\/tr><\/tbody><\/table><\/figure>\n\n\n\n<p class=\"has-text-align-center has-medium-font-size\"><strong>One-off donation<\/strong><\/p>\n\n\n\n<center><!-- INICIO FORMULARIO BOTAO PAGSEGURO -->\n<form action=\"https:\/\/pagseguro.uol.com.br\/checkout\/v2\/donation.html\" method=\"post\">\n<!-- N\u00c3O EDITE OS COMANDOS DAS LINHAS ABAIXO -->\n<input type=\"hidden\" name=\"currency\" value=\"BRL\" \/>\n<input type=\"hidden\" name=\"receiverEmail\" value=\"david@pratocheio.org.br\" \/>\n<input type=\"hidden\" name=\"iot\" value=\"button\" \/>\n<input type=\"image\" src=\"https:\/\/stc.pagseguro.uol.com.br\/public\/img\/botoes\/doacoes\/95x45-doar-azul.gif\" name=\"submit\" alt=\"Pague com PagBank - \u00e9 r\u00e1pido, gr\u00e1tis e seguro!\" \/>\n<\/form>\n<!-- FINAL FORMULARIO BOTAO PAGSEGURO --><\/center>\n\n\n\n<div style=\"height:9px\" aria-hidden=\"true\" class=\"wp-block-spacer\"><\/div>\n<\/div>\n<\/div><\/div>","protected":false},"excerpt":{"rendered":"","protected":false},"author":1,"featured_media":0,"parent":0,"menu_order":0,"comment_status":"closed","ping_status":"closed","template":"","meta":{"neve_meta_sidebar":"full-width","neve_meta_container":"","neve_meta_enable_content_width":"on","neve_meta_content_width":100,"neve_meta_title_alignment":"","neve_meta_author_avatar":"","neve_post_elements_order":"","neve_meta_disable_header":"","neve_meta_disable_footer":"","neve_meta_disable_title":"on","_themeisle_gutenberg_block_has_review":false,"footnotes":""},"class_list":["post-8902","page","type-page","status-publish","hentry"],"_links":{"self":[{"href":"https:\/\/pratocheio.org.br\/en\/wp-json\/wp\/v2\/pages\/8902","targetHints":{"allow":["GET"]}}],"collection":[{"href":"https:\/\/pratocheio.org.br\/en\/wp-json\/wp\/v2\/pages"}],"about":[{"href":"https:\/\/pratocheio.org.br\/en\/wp-json\/wp\/v2\/types\/page"}],"author":[{"embeddable":true,"href":"https:\/\/pratocheio.org.br\/en\/wp-json\/wp\/v2\/users\/1"}],"replies":[{"embeddable":true,"href":"https:\/\/pratocheio.org.br\/en\/wp-json\/wp\/v2\/comments?post=8902"}],"version-history":[{"count":5,"href":"https:\/\/pratocheio.org.br\/en\/wp-json\/wp\/v2\/pages\/8902\/revisions"}],"predecessor-version":[{"id":9349,"href":"https:\/\/pratocheio.org.br\/en\/wp-json\/wp\/v2\/pages\/8902\/revisions\/9349"}],"wp:attachment":[{"href":"https:\/\/pratocheio.org.br\/en\/wp-json\/wp\/v2\/media?parent=8902"}],"curies":[{"name":"wp","href":"https:\/\/api.w.org\/{rel}","templated":true}]}}