{"id":9063,"date":"2024-02-28T09:39:44","date_gmt":"2024-02-28T12:39:44","guid":{"rendered":"https:\/\/pratocheio.org.br\/?page_id=9063"},"modified":"2026-03-31T13:29:36","modified_gmt":"2026-03-31T16:29:36","slug":"plataforma-de-impacto","status":"publish","type":"page","link":"https:\/\/pratocheio.org.br\/en\/plataforma-de-impacto\/","title":{"rendered":"Impact Platform"},"content":{"rendered":"\n<div id=\"wp-block-themeisle-blocks-advanced-columns-97aea2d5\" class=\"wp-block-themeisle-blocks-advanced-columns alignfull has-1-columns has-desktop-equal-layout has-tablet-equal-layout has-mobile-equal-layout has-vertical-unset\"><div class=\"wp-block-themeisle-blocks-advanced-columns-overlay\"><\/div><div class=\"innerblocks-wrap\">\n<div id=\"wp-block-themeisle-blocks-advanced-column-616194b0\" class=\"wp-block-themeisle-blocks-advanced-column animated slideInUp\">\n<h2 class=\"wp-block-heading has-nv-site-bg-color has-text-color\">PLATAFORMA DE IMPACTO<\/h2>\n\n\n\n<p class=\"has-nv-site-bg-color has-text-color\">A <strong>Plataforma de Impacto da Associa\u00e7\u00e3o Prato Cheio<\/strong> tem como objetivo dar visibilidade ao impacto transformador das a\u00e7\u00f5es de resgate e doa\u00e7\u00e3o de alimentos do Projeto Rota Solid\u00e1ria (a descri\u00e7\u00e3o o Projeto voc\u00ea encontra\u00a0<a href=\"https:\/\/pratocheio.org.br\/o-que-fazemos\/\" data-type=\"page\" data-id=\"3794\">aqui<\/a>).<\/p>\n\n\n\n<div class=\"wp-block-columns is-layout-flex wp-container-core-columns-is-layout-1 wp-block-columns-is-layout-flex\">\n<div class=\"wp-block-column is-vertically-aligned-bottom is-layout-flow wp-block-column-is-layout-flow\">\n<p class=\"has-text-align-center has-nv-site-bg-color has-text-color has-link-color wp-elements-51688e00284dc31d6172dac509d78a7f\"><strong>Painel de doadores de alimentos<\/strong><\/p>\n\n\n\n<div class=\"wp-block-buttons is-content-justification-center is-layout-flex wp-container-core-buttons-is-layout-1 wp-block-buttons-is-layout-flex\">\n<div class=\"wp-block-button has-custom-font-size is-style-primary has-small-font-size\"><a class=\"wp-block-button__link has-nv-site-bg-color has-text-color has-link-color has-border-color has-text-align-center wp-element-button\" href=\"https:\/\/impacto.pratocheio.org.br\/login\/\" style=\"border-color:var(--nv-secondary-accent);border-width:15px;border-radius:11px\" target=\"_blank\" rel=\"noreferrer noopener\">Doadores de Alimentos<\/a><\/div>\n<\/div>\n<\/div>\n\n\n\n<div class=\"wp-block-column is-vertically-aligned-bottom is-layout-flow wp-block-column-is-layout-flow\">\n<p class=\"has-text-align-center has-nv-site-bg-color has-text-color has-link-color wp-elements-5d7f211086b8b290765e51104a43b676\"><strong>Para institui\u00e7\u00f5es sociais beneficiadas<\/strong><\/p>\n\n\n\n<div class=\"wp-block-buttons is-content-justification-center is-layout-flex wp-container-core-buttons-is-layout-2 wp-block-buttons-is-layout-flex\">\n<div class=\"wp-block-button has-custom-font-size is-style-primary has-small-font-size\"><a class=\"wp-block-button__link has-nv-site-bg-color has-text-color has-link-color has-border-color has-text-align-center wp-element-button\" href=\"https:\/\/impacto.pratocheio.org.br\/login\/\" style=\"border-color:var(--nv-secondary-accent);border-width:15px;border-radius:11px\" target=\"_blank\" rel=\"noreferrer noopener\">Institui\u00e7\u00f5es Beneficiadas<\/a><\/div>\n<\/div>\n<\/div>\n\n\n\n<div class=\"wp-block-column is-vertically-aligned-bottom is-layout-flow wp-block-column-is-layout-flow\">\n<p class=\"has-text-align-center has-nv-site-bg-color has-text-color has-link-color wp-elements-c941cb1922720b4880870f6e28b48c9f\"><strong>Acesso P\u00fablico<\/strong><\/p>\n\n\n\n<div class=\"wp-block-buttons is-content-justification-center is-layout-flex wp-container-core-buttons-is-layout-3 wp-block-buttons-is-layout-flex\">\n<div class=\"wp-block-button has-custom-font-size is-style-primary has-small-font-size\"><a class=\"wp-block-button__link has-nv-site-bg-color has-text-color has-link-color has-border-color has-text-align-center wp-element-button\" href=\"https:\/\/impacto.pratocheio.org.br\/superset\/dashboard\/prato-em-numeros\" style=\"border-color:var(--nv-secondary-accent);border-width:15px;border-radius:11px\" target=\"_blank\" rel=\"noreferrer noopener\">Prato Cheio em N\u00fameros<\/a><\/div>\n<\/div>\n<\/div>\n<\/div>\n\n\n\n<p class=\"has-text-align-center has-nv-site-bg-color has-text-color has-small-font-size\">Doadores e entidades: Solicitem seu acesso enviando um email para <a href=\"mailto:info@pratocheio.org.br\">info@pratocheio.org.br<\/a><\/p>\n\n\n\n<p class=\"has-nv-site-bg-color has-text-color\"><br>A todos os que participam dessa rede solid\u00e1ria, nosso muito obrigado! E a todos os que ainda n\u00e3o participam, deixamos o nosso convite para apoiar e integrar nosso projeto!<\/p>\n\n\n\n<p class=\"has-nv-site-bg-color has-text-color\">Material de refer\u00eancia e consulta: Pegadas dos alimentos e das prepara\u00e7\u00f5es culin\u00e1rias consumidos no Brasil \/ Josefa Maria Fellegger Garzillo et al. [recurso eletr\u00f4nico]. &#8212; S\u00e3o Paulo : Faculdade de Sa\u00fade P\u00fablica da USP, 2019.&nbsp;74 p. : il. color.&nbsp;<a href=\"https:\/\/colecoes.abcd.usp.br\/fsp\/files\/original\/3638c7630efb97abefe9695ba3c5b28e.pdf\" target=\"_blank\" rel=\"noreferrer noopener\">3638c7630efb97abefe9695ba3c5b28e.pdf (usp.br)<\/a><\/p>\n<\/div>\n<\/div><\/div>\n\n\n\n<p class=\"has-text-align-center\">Acompanhe os resultados dos nossos Projetos, conhe\u00e7a os <a href=\"https:\/\/pratocheio.org.br\/quem-somos\/\" data-type=\"page\">Relat\u00f3rios Anuais de Atividades<\/a>!<\/p>\n","protected":false},"excerpt":{"rendered":"<p>Follow the results of our Projects, discover the Annual Activity Reports!<\/p>","protected":false},"author":1,"featured_media":0,"parent":0,"menu_order":0,"comment_status":"closed","ping_status":"closed","template":"","meta":{"neve_meta_sidebar":"full-width","neve_meta_container":"","neve_meta_enable_content_width":"on","neve_meta_content_width":100,"neve_meta_title_alignment":"","neve_meta_author_avatar":"","neve_post_elements_order":"","neve_meta_disable_header":"","neve_meta_disable_footer":"","neve_meta_disable_title":"on","_themeisle_gutenberg_block_has_review":false,"footnotes":""},"class_list":["post-9063","page","type-page","status-publish","hentry"],"_links":{"self":[{"href":"https:\/\/pratocheio.org.br\/en\/wp-json\/wp\/v2\/pages\/9063","targetHints":{"allow":["GET"]}}],"collection":[{"href":"https:\/\/pratocheio.org.br\/en\/wp-json\/wp\/v2\/pages"}],"about":[{"href":"https:\/\/pratocheio.org.br\/en\/wp-json\/wp\/v2\/types\/page"}],"author":[{"embeddable":true,"href":"https:\/\/pratocheio.org.br\/en\/wp-json\/wp\/v2\/users\/1"}],"replies":[{"embeddable":true,"href":"https:\/\/pratocheio.org.br\/en\/wp-json\/wp\/v2\/comments?post=9063"}],"version-history":[{"count":20,"href":"https:\/\/pratocheio.org.br\/en\/wp-json\/wp\/v2\/pages\/9063\/revisions"}],"predecessor-version":[{"id":9478,"href":"https:\/\/pratocheio.org.br\/en\/wp-json\/wp\/v2\/pages\/9063\/revisions\/9478"}],"wp:attachment":[{"href":"https:\/\/pratocheio.org.br\/en\/wp-json\/wp\/v2\/media?parent=9063"}],"curies":[{"name":"wp","href":"https:\/\/api.w.org\/{rel}","templated":true}]}}